{"id":107,"date":"2025-09-24T08:22:38","date_gmt":"2025-09-24T08:22:38","guid":{"rendered":"https:\/\/provue.fr\/?page_id=107"},"modified":"2025-09-24T08:22:38","modified_gmt":"2025-09-24T08:22:38","slug":"declaration-daffiliation","status":"publish","type":"page","link":"https:\/\/provue.fr\/index.php\/declaration-daffiliation\/","title":{"rendered":"D\u00e9claration d\u2019affiliation"},"content":{"rendered":"<p data-start=\"156\" data-end=\"314\">ProVue.fr n\u2019est pas le site officiel du produit ProVue Vision Care. Notre r\u00f4le est uniquement de pr\u00e9senter et de promouvoir cette formule de soutien visuel.<\/p>\n<p data-start=\"316\" data-end=\"545\">Lorsque vous effectuez un achat via les liens pr\u00e9sents sur ce site, nous recevons une <strong data-start=\"402\" data-end=\"430\">commission d\u2019affiliation<\/strong>, sans frais suppl\u00e9mentaires pour vous. Le prix que vous payez reste exactement le m\u00eame que sur le site officiel.<\/p>\n<p data-start=\"547\" data-end=\"724\">L\u2019objectif unique de ce site est de fournir des informations sur le produit, de faciliter votre achat s\u00e9curis\u00e9 via le site officiel et de soutenir son utilisation responsable.<\/p>\n","protected":false},"excerpt":{"rendered":"<p>ProVue.fr n\u2019est pas le site officiel du produit ProVue Vision Care. Notre r\u00f4le est uniquement de pr\u00e9senter et de promouvoir cette formule de soutien visuel. Lorsque vous effectuez un achat via les liens pr\u00e9sents sur ce site, nous recevons une commission d\u2019affiliation, sans frais suppl\u00e9mentaires pour vous. Le prix que vous payez reste exactement le [&hellip;]<\/p>\n","protected":false},"author":1,"featured_media":0,"parent":0,"menu_order":0,"comment_status":"closed","ping_status":"closed","template":"","meta":{"footnotes":""},"class_list":["post-107","page","type-page","status-publish","hentry"],"yoast_head":"<!-- This site is optimized with the Yoast SEO plugin v25.9 - https:\/\/yoast.com\/wordpress\/plugins\/seo\/ -->\n<title>D\u00e9claration d\u2019affiliation - ProVue\u00ae<\/title>\n<meta name=\"robots\" content=\"index, follow, max-snippet:-1, max-image-preview:large, max-video-preview:-1\" \/>\n<link rel=\"canonical\" href=\"https:\/\/provue.fr\/index.php\/declaration-daffiliation\/\" \/>\n<meta property=\"og:locale\" content=\"en_US\" \/>\n<meta property=\"og:type\" content=\"article\" \/>\n<meta property=\"og:title\" content=\"D\u00e9claration d\u2019affiliation - ProVue\u00ae\" \/>\n<meta property=\"og:description\" content=\"ProVue.fr n\u2019est pas le site officiel du produit ProVue Vision Care. Notre r\u00f4le est uniquement de pr\u00e9senter et de promouvoir cette formule de soutien visuel. Lorsque vous effectuez un achat via les liens pr\u00e9sents sur ce site, nous recevons une commission d\u2019affiliation, sans frais suppl\u00e9mentaires pour vous. Le prix que vous payez reste exactement le [&hellip;]\" \/>\n<meta property=\"og:url\" content=\"https:\/\/provue.fr\/index.php\/declaration-daffiliation\/\" \/>\n<meta property=\"og:site_name\" content=\"ProVue\u00ae\" \/>\n<meta name=\"twitter:card\" content=\"summary_large_image\" \/>\n<meta name=\"twitter:label1\" content=\"Est. reading time\" \/>\n\t<meta name=\"twitter:data1\" content=\"1 minute\" \/>\n<script type=\"application\/ld+json\" class=\"yoast-schema-graph\">{\"@context\":\"https:\/\/schema.org\",\"@graph\":[{\"@type\":\"WebPage\",\"@id\":\"https:\/\/provue.fr\/index.php\/declaration-daffiliation\/\",\"url\":\"https:\/\/provue.fr\/index.php\/declaration-daffiliation\/\",\"name\":\"D\u00e9claration d\u2019affiliation - ProVue\u00ae\",\"isPartOf\":{\"@id\":\"https:\/\/provue.fr\/#website\"},\"datePublished\":\"2025-09-24T08:22:38+00:00\",\"breadcrumb\":{\"@id\":\"https:\/\/provue.fr\/index.php\/declaration-daffiliation\/#breadcrumb\"},\"inLanguage\":\"en-US\",\"potentialAction\":[{\"@type\":\"ReadAction\",\"target\":[\"https:\/\/provue.fr\/index.php\/declaration-daffiliation\/\"]}]},{\"@type\":\"BreadcrumbList\",\"@id\":\"https:\/\/provue.fr\/index.php\/declaration-daffiliation\/#breadcrumb\",\"itemListElement\":[{\"@type\":\"ListItem\",\"position\":1,\"name\":\"Home\",\"item\":\"https:\/\/provue.fr\/\"},{\"@type\":\"ListItem\",\"position\":2,\"name\":\"D\u00e9claration d\u2019affiliation\"}]},{\"@type\":\"WebSite\",\"@id\":\"https:\/\/provue.fr\/#website\",\"url\":\"https:\/\/provue.fr\/\",\"name\":\"ProVue\u00ae\",\"description\":\"\",\"publisher\":{\"@id\":\"https:\/\/provue.fr\/#organization\"},\"potentialAction\":[{\"@type\":\"SearchAction\",\"target\":{\"@type\":\"EntryPoint\",\"urlTemplate\":\"https:\/\/provue.fr\/?s={search_term_string}\"},\"query-input\":{\"@type\":\"PropertyValueSpecification\",\"valueRequired\":true,\"valueName\":\"search_term_string\"}}],\"inLanguage\":\"en-US\"},{\"@type\":\"Organization\",\"@id\":\"https:\/\/provue.fr\/#organization\",\"name\":\"ProVue\u00ae\",\"url\":\"https:\/\/provue.fr\/\",\"logo\":{\"@type\":\"ImageObject\",\"inLanguage\":\"en-US\",\"@id\":\"https:\/\/provue.fr\/#\/schema\/logo\/image\/\",\"url\":\"https:\/\/provue.fr\/wp-content\/uploads\/2025\/09\/ProVue-Logo.webp\",\"contentUrl\":\"https:\/\/provue.fr\/wp-content\/uploads\/2025\/09\/ProVue-Logo.webp\",\"width\":419,\"height\":125,\"caption\":\"ProVue\u00ae\"},\"image\":{\"@id\":\"https:\/\/provue.fr\/#\/schema\/logo\/image\/\"}}]}<\/script>\n<!-- \/ Yoast SEO plugin. -->","yoast_head_json":{"title":"D\u00e9claration d\u2019affiliation - ProVue\u00ae","robots":{"index":"index","follow":"follow","max-snippet":"max-snippet:-1","max-image-preview":"max-image-preview:large","max-video-preview":"max-video-preview:-1"},"canonical":"https:\/\/provue.fr\/index.php\/declaration-daffiliation\/","og_locale":"en_US","og_type":"article","og_title":"D\u00e9claration d\u2019affiliation - ProVue\u00ae","og_description":"ProVue.fr n\u2019est pas le site officiel du produit ProVue Vision Care. Notre r\u00f4le est uniquement de pr\u00e9senter et de promouvoir cette formule de soutien visuel. Lorsque vous effectuez un achat via les liens pr\u00e9sents sur ce site, nous recevons une commission d\u2019affiliation, sans frais suppl\u00e9mentaires pour vous. Le prix que vous payez reste exactement le [&hellip;]","og_url":"https:\/\/provue.fr\/index.php\/declaration-daffiliation\/","og_site_name":"ProVue\u00ae","twitter_card":"summary_large_image","twitter_misc":{"Est. reading time":"1 minute"},"schema":{"@context":"https:\/\/schema.org","@graph":[{"@type":"WebPage","@id":"https:\/\/provue.fr\/index.php\/declaration-daffiliation\/","url":"https:\/\/provue.fr\/index.php\/declaration-daffiliation\/","name":"D\u00e9claration d\u2019affiliation - ProVue\u00ae","isPartOf":{"@id":"https:\/\/provue.fr\/#website"},"datePublished":"2025-09-24T08:22:38+00:00","breadcrumb":{"@id":"https:\/\/provue.fr\/index.php\/declaration-daffiliation\/#breadcrumb"},"inLanguage":"en-US","potentialAction":[{"@type":"ReadAction","target":["https:\/\/provue.fr\/index.php\/declaration-daffiliation\/"]}]},{"@type":"BreadcrumbList","@id":"https:\/\/provue.fr\/index.php\/declaration-daffiliation\/#breadcrumb","itemListElement":[{"@type":"ListItem","position":1,"name":"Home","item":"https:\/\/provue.fr\/"},{"@type":"ListItem","position":2,"name":"D\u00e9claration d\u2019affiliation"}]},{"@type":"WebSite","@id":"https:\/\/provue.fr\/#website","url":"https:\/\/provue.fr\/","name":"ProVue\u00ae","description":"","publisher":{"@id":"https:\/\/provue.fr\/#organization"},"potentialAction":[{"@type":"SearchAction","target":{"@type":"EntryPoint","urlTemplate":"https:\/\/provue.fr\/?s={search_term_string}"},"query-input":{"@type":"PropertyValueSpecification","valueRequired":true,"valueName":"search_term_string"}}],"inLanguage":"en-US"},{"@type":"Organization","@id":"https:\/\/provue.fr\/#organization","name":"ProVue\u00ae","url":"https:\/\/provue.fr\/","logo":{"@type":"ImageObject","inLanguage":"en-US","@id":"https:\/\/provue.fr\/#\/schema\/logo\/image\/","url":"https:\/\/provue.fr\/wp-content\/uploads\/2025\/09\/ProVue-Logo.webp","contentUrl":"https:\/\/provue.fr\/wp-content\/uploads\/2025\/09\/ProVue-Logo.webp","width":419,"height":125,"caption":"ProVue\u00ae"},"image":{"@id":"https:\/\/provue.fr\/#\/schema\/logo\/image\/"}}]}},"_links":{"self":[{"href":"https:\/\/provue.fr\/index.php\/wp-json\/wp\/v2\/pages\/107","targetHints":{"allow":["GET"]}}],"collection":[{"href":"https:\/\/provue.fr\/index.php\/wp-json\/wp\/v2\/pages"}],"about":[{"href":"https:\/\/provue.fr\/index.php\/wp-json\/wp\/v2\/types\/page"}],"author":[{"embeddable":true,"href":"https:\/\/provue.fr\/index.php\/wp-json\/wp\/v2\/users\/1"}],"replies":[{"embeddable":true,"href":"https:\/\/provue.fr\/index.php\/wp-json\/wp\/v2\/comments?post=107"}],"version-history":[{"count":1,"href":"https:\/\/provue.fr\/index.php\/wp-json\/wp\/v2\/pages\/107\/revisions"}],"predecessor-version":[{"id":108,"href":"https:\/\/provue.fr\/index.php\/wp-json\/wp\/v2\/pages\/107\/revisions\/108"}],"wp:attachment":[{"href":"https:\/\/provue.fr\/index.php\/wp-json\/wp\/v2\/media?parent=107"}],"curies":[{"name":"wp","href":"https:\/\/api.w.org\/{rel}","templated":true}]}}