{"id":105,"date":"2025-09-24T08:20:36","date_gmt":"2025-09-24T08:20:36","guid":{"rendered":"https:\/\/provue.fr\/?page_id=105"},"modified":"2025-09-24T08:25:29","modified_gmt":"2025-09-24T08:25:29","slug":"avertissement","status":"publish","type":"page","link":"https:\/\/provue.fr\/index.php\/avertissement\/","title":{"rendered":"Avertissement"},"content":{"rendered":"<p data-start=\"157\" data-end=\"555\">Nous n\u2019autorisons pas la vente ou l\u2019utilisation de ce produit aux personnes de moins de 18 ans. Utilisez-le uniquement selon les instructions indiqu\u00e9es sur l\u2019emballage. N\u2019utilisez pas ce produit si vous \u00eates enceinte ou si vous allaitez. Consultez toujours votre m\u00e9decin avant de l\u2019utiliser, surtout si vous souffrez de probl\u00e8mes de sant\u00e9 s\u00e9rieux ou si vous prenez des m\u00e9dicaments sur ordonnance.<\/p>\n<p data-start=\"557\" data-end=\"865\">Demandez syst\u00e9matiquement l\u2019avis de votre m\u00e9decin avant de commencer ProVue Vision Care ou tout autre compl\u00e9ment alimentaire. Tous les droits d\u2019auteur et marques d\u00e9pos\u00e9es appartiennent \u00e0 leurs propri\u00e9taires respectifs, qui ne sont ni affili\u00e9s ni associ\u00e9s \u00e0 ce produit, et n\u2019en approuvent pas l\u2019utilisation.<\/p>\n<p data-start=\"867\" data-end=\"1278\">La FDA, l\u2019Agence europ\u00e9enne des m\u00e9dicaments et la Direction g\u00e9n\u00e9rale des aliments et des m\u00e9dicaments n\u2019ont pas \u00e9valu\u00e9 ces d\u00e9clarations. Ce produit n\u2019a pas vocation \u00e0 diagnostiquer, traiter, gu\u00e9rir ou pr\u00e9venir une maladie. Les r\u00e9sultats peuvent varier d\u2019une personne \u00e0 l\u2019autre. En utilisant ce site, vous acceptez pleinement notre <strong data-start=\"1197\" data-end=\"1229\">Politique de Confidentialit\u00e9<\/strong> et nos <strong data-start=\"1237\" data-end=\"1275\">Conditions G\u00e9n\u00e9rales d\u2019Utilisation<\/strong>.<\/p>\n<p data-start=\"179\" data-end=\"392\">Le site <strong data-start=\"187\" data-end=\"200\">Provue.fr<\/strong> n\u2019est pas le site officiel du produit <strong data-start=\"239\" data-end=\"269\">ProVue Vision Care Formula<\/strong>. Notre seul objectif est de promouvoir ce produit et de percevoir une commission sur les ventes r\u00e9alis\u00e9es via nos liens.<\/p>\n<p data-start=\"394\" data-end=\"704\">Les informations et avis pr\u00e9sent\u00e9s sur ce site ont uniquement une <strong data-start=\"460\" data-end=\"487\">finalit\u00e9 promotionnelle<\/strong>. Ils ne remplacent en aucun cas l\u2019avis d\u2019un m\u00e9decin ou d\u2019un professionnel de sant\u00e9. Avant de prendre toute capsule ou compl\u00e9ment alimentaire, nous vous conseillons vivement de consulter votre m\u00e9decin ou pharmacien.<\/p>\n<p data-start=\"706\" data-end=\"1021\">Le produit n\u2019est <strong data-start=\"723\" data-end=\"750\">pas certifi\u00e9 par la FDA<\/strong> et ne doit pas \u00eatre consid\u00e9r\u00e9 comme un traitement m\u00e9dical. Si vous avez des questions concernant un retour, un remboursement ou un probl\u00e8me de livraison, vous devez contacter directement le <strong data-start=\"941\" data-end=\"958\">site officiel<\/strong> du fabricant en utilisant le lien disponible sur notre site.<\/p>\n<p data-start=\"1023\" data-end=\"1215\">En utilisant Provue.fr, vous acceptez pleinement ces conditions et reconnaissez que la responsabilit\u00e9 de toute commande, exp\u00e9dition ou garantie rel\u00e8ve uniquement du site officiel du produit.<\/p>\n","protected":false},"excerpt":{"rendered":"<p>Nous n\u2019autorisons pas la vente ou l\u2019utilisation de ce produit aux personnes de moins de 18 ans. Utilisez-le uniquement selon les instructions indiqu\u00e9es sur l\u2019emballage. N\u2019utilisez pas ce produit si vous \u00eates enceinte ou si vous allaitez. Consultez toujours votre m\u00e9decin avant de l\u2019utiliser, surtout si vous souffrez de probl\u00e8mes de sant\u00e9 s\u00e9rieux ou si [&hellip;]<\/p>\n","protected":false},"author":1,"featured_media":0,"parent":0,"menu_order":0,"comment_status":"closed","ping_status":"closed","template":"","meta":{"footnotes":""},"class_list":["post-105","page","type-page","status-publish","hentry"],"yoast_head":"<!-- This site is optimized with the Yoast SEO plugin v25.9 - https:\/\/yoast.com\/wordpress\/plugins\/seo\/ -->\n<title>Avertissement - ProVue\u00ae<\/title>\n<meta name=\"robots\" content=\"index, follow, max-snippet:-1, max-image-preview:large, max-video-preview:-1\" \/>\n<link rel=\"canonical\" href=\"https:\/\/provue.fr\/index.php\/avertissement\/\" \/>\n<meta property=\"og:locale\" content=\"en_US\" \/>\n<meta property=\"og:type\" content=\"article\" \/>\n<meta property=\"og:title\" content=\"Avertissement - ProVue\u00ae\" \/>\n<meta property=\"og:description\" content=\"Nous n\u2019autorisons pas la vente ou l\u2019utilisation de ce produit aux personnes de moins de 18 ans. Utilisez-le uniquement selon les instructions indiqu\u00e9es sur l\u2019emballage. N\u2019utilisez pas ce produit si vous \u00eates enceinte ou si vous allaitez. Consultez toujours votre m\u00e9decin avant de l\u2019utiliser, surtout si vous souffrez de probl\u00e8mes de sant\u00e9 s\u00e9rieux ou si [&hellip;]\" \/>\n<meta property=\"og:url\" content=\"https:\/\/provue.fr\/index.php\/avertissement\/\" \/>\n<meta property=\"og:site_name\" content=\"ProVue\u00ae\" \/>\n<meta property=\"article:modified_time\" content=\"2025-09-24T08:25:29+00:00\" \/>\n<meta name=\"twitter:card\" content=\"summary_large_image\" \/>\n<meta name=\"twitter:label1\" content=\"Est. reading time\" \/>\n\t<meta name=\"twitter:data1\" content=\"2 minutes\" \/>\n<script type=\"application\/ld+json\" class=\"yoast-schema-graph\">{\"@context\":\"https:\/\/schema.org\",\"@graph\":[{\"@type\":\"WebPage\",\"@id\":\"https:\/\/provue.fr\/index.php\/avertissement\/\",\"url\":\"https:\/\/provue.fr\/index.php\/avertissement\/\",\"name\":\"Avertissement - ProVue\u00ae\",\"isPartOf\":{\"@id\":\"https:\/\/provue.fr\/#website\"},\"datePublished\":\"2025-09-24T08:20:36+00:00\",\"dateModified\":\"2025-09-24T08:25:29+00:00\",\"breadcrumb\":{\"@id\":\"https:\/\/provue.fr\/index.php\/avertissement\/#breadcrumb\"},\"inLanguage\":\"en-US\",\"potentialAction\":[{\"@type\":\"ReadAction\",\"target\":[\"https:\/\/provue.fr\/index.php\/avertissement\/\"]}]},{\"@type\":\"BreadcrumbList\",\"@id\":\"https:\/\/provue.fr\/index.php\/avertissement\/#breadcrumb\",\"itemListElement\":[{\"@type\":\"ListItem\",\"position\":1,\"name\":\"Home\",\"item\":\"https:\/\/provue.fr\/\"},{\"@type\":\"ListItem\",\"position\":2,\"name\":\"Avertissement\"}]},{\"@type\":\"WebSite\",\"@id\":\"https:\/\/provue.fr\/#website\",\"url\":\"https:\/\/provue.fr\/\",\"name\":\"ProVue\u00ae\",\"description\":\"\",\"publisher\":{\"@id\":\"https:\/\/provue.fr\/#organization\"},\"potentialAction\":[{\"@type\":\"SearchAction\",\"target\":{\"@type\":\"EntryPoint\",\"urlTemplate\":\"https:\/\/provue.fr\/?s={search_term_string}\"},\"query-input\":{\"@type\":\"PropertyValueSpecification\",\"valueRequired\":true,\"valueName\":\"search_term_string\"}}],\"inLanguage\":\"en-US\"},{\"@type\":\"Organization\",\"@id\":\"https:\/\/provue.fr\/#organization\",\"name\":\"ProVue\u00ae\",\"url\":\"https:\/\/provue.fr\/\",\"logo\":{\"@type\":\"ImageObject\",\"inLanguage\":\"en-US\",\"@id\":\"https:\/\/provue.fr\/#\/schema\/logo\/image\/\",\"url\":\"https:\/\/provue.fr\/wp-content\/uploads\/2025\/09\/ProVue-Logo.webp\",\"contentUrl\":\"https:\/\/provue.fr\/wp-content\/uploads\/2025\/09\/ProVue-Logo.webp\",\"width\":419,\"height\":125,\"caption\":\"ProVue\u00ae\"},\"image\":{\"@id\":\"https:\/\/provue.fr\/#\/schema\/logo\/image\/\"}}]}<\/script>\n<!-- \/ Yoast SEO plugin. -->","yoast_head_json":{"title":"Avertissement - ProVue\u00ae","robots":{"index":"index","follow":"follow","max-snippet":"max-snippet:-1","max-image-preview":"max-image-preview:large","max-video-preview":"max-video-preview:-1"},"canonical":"https:\/\/provue.fr\/index.php\/avertissement\/","og_locale":"en_US","og_type":"article","og_title":"Avertissement - ProVue\u00ae","og_description":"Nous n\u2019autorisons pas la vente ou l\u2019utilisation de ce produit aux personnes de moins de 18 ans. Utilisez-le uniquement selon les instructions indiqu\u00e9es sur l\u2019emballage. N\u2019utilisez pas ce produit si vous \u00eates enceinte ou si vous allaitez. Consultez toujours votre m\u00e9decin avant de l\u2019utiliser, surtout si vous souffrez de probl\u00e8mes de sant\u00e9 s\u00e9rieux ou si [&hellip;]","og_url":"https:\/\/provue.fr\/index.php\/avertissement\/","og_site_name":"ProVue\u00ae","article_modified_time":"2025-09-24T08:25:29+00:00","twitter_card":"summary_large_image","twitter_misc":{"Est. reading time":"2 minutes"},"schema":{"@context":"https:\/\/schema.org","@graph":[{"@type":"WebPage","@id":"https:\/\/provue.fr\/index.php\/avertissement\/","url":"https:\/\/provue.fr\/index.php\/avertissement\/","name":"Avertissement - ProVue\u00ae","isPartOf":{"@id":"https:\/\/provue.fr\/#website"},"datePublished":"2025-09-24T08:20:36+00:00","dateModified":"2025-09-24T08:25:29+00:00","breadcrumb":{"@id":"https:\/\/provue.fr\/index.php\/avertissement\/#breadcrumb"},"inLanguage":"en-US","potentialAction":[{"@type":"ReadAction","target":["https:\/\/provue.fr\/index.php\/avertissement\/"]}]},{"@type":"BreadcrumbList","@id":"https:\/\/provue.fr\/index.php\/avertissement\/#breadcrumb","itemListElement":[{"@type":"ListItem","position":1,"name":"Home","item":"https:\/\/provue.fr\/"},{"@type":"ListItem","position":2,"name":"Avertissement"}]},{"@type":"WebSite","@id":"https:\/\/provue.fr\/#website","url":"https:\/\/provue.fr\/","name":"ProVue\u00ae","description":"","publisher":{"@id":"https:\/\/provue.fr\/#organization"},"potentialAction":[{"@type":"SearchAction","target":{"@type":"EntryPoint","urlTemplate":"https:\/\/provue.fr\/?s={search_term_string}"},"query-input":{"@type":"PropertyValueSpecification","valueRequired":true,"valueName":"search_term_string"}}],"inLanguage":"en-US"},{"@type":"Organization","@id":"https:\/\/provue.fr\/#organization","name":"ProVue\u00ae","url":"https:\/\/provue.fr\/","logo":{"@type":"ImageObject","inLanguage":"en-US","@id":"https:\/\/provue.fr\/#\/schema\/logo\/image\/","url":"https:\/\/provue.fr\/wp-content\/uploads\/2025\/09\/ProVue-Logo.webp","contentUrl":"https:\/\/provue.fr\/wp-content\/uploads\/2025\/09\/ProVue-Logo.webp","width":419,"height":125,"caption":"ProVue\u00ae"},"image":{"@id":"https:\/\/provue.fr\/#\/schema\/logo\/image\/"}}]}},"_links":{"self":[{"href":"https:\/\/provue.fr\/index.php\/wp-json\/wp\/v2\/pages\/105","targetHints":{"allow":["GET"]}}],"collection":[{"href":"https:\/\/provue.fr\/index.php\/wp-json\/wp\/v2\/pages"}],"about":[{"href":"https:\/\/provue.fr\/index.php\/wp-json\/wp\/v2\/types\/page"}],"author":[{"embeddable":true,"href":"https:\/\/provue.fr\/index.php\/wp-json\/wp\/v2\/users\/1"}],"replies":[{"embeddable":true,"href":"https:\/\/provue.fr\/index.php\/wp-json\/wp\/v2\/comments?post=105"}],"version-history":[{"count":2,"href":"https:\/\/provue.fr\/index.php\/wp-json\/wp\/v2\/pages\/105\/revisions"}],"predecessor-version":[{"id":111,"href":"https:\/\/provue.fr\/index.php\/wp-json\/wp\/v2\/pages\/105\/revisions\/111"}],"wp:attachment":[{"href":"https:\/\/provue.fr\/index.php\/wp-json\/wp\/v2\/media?parent=105"}],"curies":[{"name":"wp","href":"https:\/\/api.w.org\/{rel}","templated":true}]}}